{"id":2,"date":"2008-01-14T14:13:10","date_gmt":"2008-01-14T20:13:10","guid":{"rendered":""},"modified":"2020-04-25T02:44:32","modified_gmt":"2020-04-25T08:44:32","slug":"about","status":"publish","type":"page","link":"https:\/\/themonkeynuts.com\/root\/about\/","title":{"rendered":"ABOUT"},"content":{"rendered":"<p><img decoding=\"async\" src=\"http:\/\/themonkeynuts.com\/root\/wp-content\/uploads\/2010\/05\/jamesmarr.jpg\" alt=\"James MARR\" \/><\/p>\n<p>[E] &#8211; I always try to write my posts in both English and Spanish.<br \/>\n[\u00d1] -Siempre intento escribir en ambos idiomas Ingl\u00e9s y Espa\u00f1ol.<\/p>\n<h2>CURRENTLY<\/h2>\n<p>[E] &#8211; Working on a secret project. <a title=\"Kaufman\" href=\"http:\/\/kaufman.es\" target=\"_blank\" rel=\"noopener\">KAUFMAN<br \/>\n<\/a> [\u00d1] &#8211; Actualmente trabajando en un proyecto secreto.<a title=\"Kaufman\" href=\"http:\/\/kaufman.es\" target=\"_blank\" rel=\"noopener\"> KAUFMAN<\/a><\/p>\n<h2>JUST FINISHED<\/h2>\n<p>[E] &#8211; Contemporary Art Platform. <a title=\"PAC\" href=\"http:\/\/www.plataformadeartecontemporaneo.com\" target=\"_blank\" rel=\"noopener\">PAC<\/a><br \/>\n[\u00d1] &#8211; Plataforma de Arte Contempor\u00e1neo. <a title=\"PAC\" href=\"http:\/\/www.plataformadeartecontemporaneo.com\" target=\"_blank\" rel=\"noopener\">PAC<\/a><\/p>\n<h2>&#8230; SO FAR<\/h2>\n<p>[E] &#8211; James Marr was born in England in 1975 and lived in Spain all his life. Finished Business Studies in Alicante and started drawing after two years working in Madrid. Speaks fluent English &#8211; Spanish and a little German when drunk. Below are the latests proyects that have taking up his time and enthusiasm. Currently lives in Spain and runs the family business.<\/p>\n<p>[\u00d1] &#8211; James Marr, naci\u00f3 en Inglaterra en 1975 y vivi\u00f3 en Espa\u00f1a durante toda su vida. Terminado Ciencias Empresariales en Alicante, empez\u00f3 a dibujar despu\u00e9s de dos a\u00f1os de trabajo en Madrid. Habla con fluidez Ingl\u00e9s &#8211; Espa\u00f1ol y un poco de alem\u00e1n cuando estaba borracho. Abajo est\u00e1n los Proyectos que han ocupado su tiempo y entusiasmo. Actualmente vive en Espa\u00f1a y dirige la empresa familiar.<\/p>\n<p><img decoding=\"async\" src=\"http:\/\/themonkeynuts.com\/root\/wp-content\/uploads\/2008\/01\/logo-jamesmarr.jpg\" alt=\"james-marr\" \/><img decoding=\"async\" src=\"http:\/\/themonkeynuts.com\/root\/wp-content\/uploads\/2008\/01\/logo-parentesis-d.jpg\" alt=\"logo-parentesis-d.jpg\" \/><a title=\"Marrs Bar\" href=\"http:\/\/marrsbar.es\" target=\"_blank\" rel=\"noopener\"><img decoding=\"async\" src=\"http:\/\/themonkeynuts.com\/root\/wp-content\/uploads\/2008\/01\/log-marrs.jpg\" alt=\"marrs bar logo\" \/><\/a><a title=\"The Monkey Nuts\" href=\"http:\/\/themonkeynuts.com\/\" target=\"_blank\" rel=\"noopener\"><img decoding=\"async\" src=\"http:\/\/themonkeynuts.com\/root\/wp-content\/uploads\/2008\/01\/logo-themonkeynuts.jpg\" alt=\"themonkeynuts\" \/><\/a><img decoding=\"async\" src=\"http:\/\/themonkeynuts.com\/root\/wp-content\/uploads\/2008\/01\/logo-ilovebeermats.jpg\" alt=\"ilovebeermats-logo\" \/><a title=\"We Hate Glue\" href=\"https:\/\/www.plataformadeartecontemporaneo.com\/pac\/crea-maquina-arcade-casa\/\" target=\"_blank\" rel=\"noopener\"><img decoding=\"async\" src=\"http:\/\/themonkeynuts.com\/root\/wp-content\/uploads\/2008\/01\/logo-wehateglue.jpg\" alt=\"logo-wehateglue.jpg\" \/><\/a><a title=\"Piggy Bank\" href=\"http:\/\/piggybank.es\/\" target=\"_blank\" rel=\"noopener\"><img decoding=\"async\" src=\"http:\/\/themonkeynuts.com\/root\/wp-content\/uploads\/2008\/01\/logo-piggy.jpg\" alt=\"piggy\" \/><\/a><img decoding=\"async\" src=\"http:\/\/themonkeynuts.com\/root\/wp-content\/uploads\/2008\/01\/logo-parentesis-i.jpg\" alt=\"logo-parentesis-i.jpg\" \/><\/p>\n<h2>STATEMENT<\/h2>\n<p>[E] &#8211; All my doodles are based on Karma &#8220;<span style=\"font-family: 'Arial','sans-serif';\">the belief that what goes around comes around&#8221;<\/span>. For example if you take one of my sketches and follow the stroke around you will find that it meets itself. The same as the infinite symbol that infact is the number 8 placed horizontaly.<\/p>\n<p>[\u00d1] -Todos mis garabatos estan basados en el Karma &#8220;la creencia de que lo que va, vuelve&#8221;. Por ejemplo si coges uno de mis dibujos y sigues la linea encontraras que vuelves al origen de dicha linea. Igual que el signo infinito que en realidad es el numero 8 colocado horizontalmente.<\/p>\n<h2>WHY?<\/h2>\n<p>[E] &#8211; The reason i called the website themonkeynuts.com is because it was the original name used for my first characters i created. Heres some pics i rescued from the archives, sorry about the poor quality but all i could find was these .gif pics, <a title=\"OLD STUFF\" href=\"http:\/\/www.flickr.com\/photos\/ilovebeermats\/sets\/72157604093382549\/\" target=\"_blank\" rel=\"noopener\">you can go here to see all the illustrations.<\/a><\/p>\n<p>[\u00d1] -La raz\u00f3n del nombre de esta web es porque el nombre original de mis primeras ilustraciones tenian forma de cacahuete con cascara. Aqu\u00ed teneis algunas de las imagenes que he rescado, y disculpad por la baja calidad de imagen. <a title=\"Cositas\" href=\"http:\/\/www.flickr.com\/photos\/ilovebeermats\/sets\/72157604093382549\/\" target=\"_blank\" rel=\"noopener\">Ir aqu\u00ed para ver las ilustraciones. <\/a><\/p>\n<p style=\"text-align: center;\">\n<p style=\"text-align: center;\"><a title=\"OLD STUFF\" href=\"http:\/\/www.flickr.com\/photos\/ilovebeermats\/sets\/72157604093382549\/\" target=\"_blank\" rel=\"noopener\"><img decoding=\"async\" src=\"http:\/\/themonkeynuts.com\/root\/wp-content\/uploads\/2008\/03\/personajes.jpg\" alt=\"themonkeynuts the monkey nuts james marr\" \/><\/a><\/p>\n<p align=\"left\">\n<h2>A POLAROID<\/h2>\n<p style=\"text-align: center;\"><img decoding=\"async\" src=\"http:\/\/themonkeynuts.com\/root\/wp-content\/uploads\/2008\/03\/contactimage.jpg\" alt=\"themonkeynuts the monkey nuts james marr\" \/><\/p>\n<p style=\"text-align: center;\" align=\"left\">\n<p style=\"text-align: center;\" align=\"left\">\n","protected":false},"excerpt":{"rendered":"<p>[E] &#8211; I always try to write my posts in both English and Spanish. [\u00d1] -Siempre intento escribir en ambos idiomas Ingl\u00e9s y Espa\u00f1ol. CURRENTLY [E] &#8211; Working on a &#8230;<\/p>\n","protected":false},"author":1,"featured_media":0,"parent":0,"menu_order":0,"comment_status":"closed","ping_status":"closed","template":"","meta":{"footnotes":""},"class_list":["post-2","page","type-page","status-publish","hentry"],"_links":{"self":[{"href":"https:\/\/themonkeynuts.com\/root\/wp-json\/wp\/v2\/pages\/2","targetHints":{"allow":["GET"]}}],"collection":[{"href":"https:\/\/themonkeynuts.com\/root\/wp-json\/wp\/v2\/pages"}],"about":[{"href":"https:\/\/themonkeynuts.com\/root\/wp-json\/wp\/v2\/types\/page"}],"author":[{"embeddable":true,"href":"https:\/\/themonkeynuts.com\/root\/wp-json\/wp\/v2\/users\/1"}],"replies":[{"embeddable":true,"href":"https:\/\/themonkeynuts.com\/root\/wp-json\/wp\/v2\/comments?post=2"}],"version-history":[{"count":2,"href":"https:\/\/themonkeynuts.com\/root\/wp-json\/wp\/v2\/pages\/2\/revisions"}],"predecessor-version":[{"id":316,"href":"https:\/\/themonkeynuts.com\/root\/wp-json\/wp\/v2\/pages\/2\/revisions\/316"}],"wp:attachment":[{"href":"https:\/\/themonkeynuts.com\/root\/wp-json\/wp\/v2\/media?parent=2"}],"curies":[{"name":"wp","href":"https:\/\/api.w.org\/{rel}","templated":true}]}}